{"id":387,"date":"2022-08-09T22:07:50","date_gmt":"2022-08-09T22:07:50","guid":{"rendered":"https:\/\/impulsamoscolombia.com\/?page_id=387"},"modified":"2022-11-24T22:56:53","modified_gmt":"2022-11-24T22:56:53","slug":"testimonios","status":"publish","type":"page","link":"https:\/\/impulsamoscolombia.com\/?page_id=387","title":{"rendered":"Testimonios"},"content":{"rendered":"\t\t<div data-elementor-type=\"wp-page\" data-elementor-id=\"387\" class=\"elementor elementor-387\" data-elementor-post-type=\"page\">\n\t\t\t\t\t\t<section class=\"elementor-section elementor-top-section elementor-element elementor-element-9a98e39 elementor-section-boxed elementor-section-height-default elementor-section-height-default\" data-id=\"9a98e39\" data-element_type=\"section\" data-e-type=\"section\" data-settings=\"{&quot;background_background&quot;:&quot;classic&quot;}\">\n\t\t\t\t\t\t<div class=\"elementor-container elementor-column-gap-default\">\n\t\t\t\t\t<div class=\"elementor-column elementor-col-100 elementor-top-column elementor-element elementor-element-db68cd9\" data-id=\"db68cd9\" data-element_type=\"column\" data-e-type=\"column\">\n\t\t\t<div class=\"elementor-widget-wrap elementor-element-populated\">\n\t\t\t\t\t\t<div class=\"elementor-element elementor-element-8cf0779 elementor-widget elementor-widget-heading\" data-id=\"8cf0779\" data-element_type=\"widget\" data-e-type=\"widget\" data-widget_type=\"heading.default\">\n\t\t\t\t<div class=\"elementor-widget-container\">\n\t\t\t\t\t<h2 class=\"elementor-heading-title elementor-size-default\">TESTIMONIOS<\/h2>\t\t\t\t<\/div>\n\t\t\t\t<\/div>\n\t\t\t\t\t<\/div>\n\t\t<\/div>\n\t\t\t\t\t<\/div>\n\t\t<\/section>\n\t\t\t\t<section class=\"elementor-section elementor-top-section elementor-element elementor-element-2f2f116a elementor-section-boxed elementor-section-height-default elementor-section-height-default\" data-id=\"2f2f116a\" data-element_type=\"section\" data-e-type=\"section\">\n\t\t\t\t\t\t<div class=\"elementor-container elementor-column-gap-no\">\n\t\t\t\t\t<div class=\"elementor-column elementor-col-100 elementor-top-column elementor-element elementor-element-180ee90e\" data-id=\"180ee90e\" data-element_type=\"column\" data-e-type=\"column\">\n\t\t\t<div class=\"elementor-widget-wrap elementor-element-populated\">\n\t\t\t\t\t\t<div class=\"elementor-element elementor-element-1b0e63a elementor-widget elementor-widget-text-editor\" data-id=\"1b0e63a\" data-element_type=\"widget\" data-e-type=\"widget\" data-widget_type=\"text-editor.default\">\n\t\t\t\t<div class=\"elementor-widget-container\">\n\t\t\t\t\t\t\t\t\t<div class=\"page\" title=\"Page 5\"><div class=\"section\"><div class=\"layoutArea\"><div class=\"column\"><p>Conoce lo que opinan nuestros clientes al ser parte de la Familia Impulsamos Colombia<\/p><\/div><\/div><\/div><\/div>\t\t\t\t\t\t\t\t<\/div>\n\t\t\t\t<\/div>\n\t\t\t\t<div class=\"elementor-element elementor-element-3675aaf8 elementor-testimonial--layout-image_above elementor-testimonial--align-left elementor-testimonial--tablet-align-center elementor-testimonial--mobile-align-center elementor-testimonial--skin-default elementor-pagination-type-bullets elementor-widget elementor-widget-testimonial-carousel\" data-id=\"3675aaf8\" data-element_type=\"widget\" data-e-type=\"widget\" data-settings=\"{&quot;space_between&quot;:{&quot;unit&quot;:&quot;px&quot;,&quot;size&quot;:22,&quot;sizes&quot;:[]},&quot;slides_per_view&quot;:&quot;2&quot;,&quot;slides_per_view_mobile&quot;:&quot;1&quot;,&quot;pagination&quot;:&quot;bullets&quot;,&quot;speed&quot;:500,&quot;autoplay&quot;:&quot;yes&quot;,&quot;autoplay_speed&quot;:5000,&quot;loop&quot;:&quot;yes&quot;,&quot;pause_on_hover&quot;:&quot;yes&quot;,&quot;pause_on_interaction&quot;:&quot;yes&quot;,&quot;space_between_tablet&quot;:{&quot;unit&quot;:&quot;px&quot;,&quot;size&quot;:10,&quot;sizes&quot;:[]},&quot;space_between_mobile&quot;:{&quot;unit&quot;:&quot;px&quot;,&quot;size&quot;:10,&quot;sizes&quot;:[]}}\" data-widget_type=\"testimonial-carousel.default\">\n\t\t\t\t<div class=\"elementor-widget-container\">\n\t\t\t\t\t\t\t\t\t<div class=\"elementor-swiper\">\n\t\t\t\t\t<div class=\"elementor-main-swiper swiper\" role=\"region\" aria-roledescription=\"carousel\" aria-label=\"Diapositivas\">\n\t\t\t\t<div class=\"swiper-wrapper\">\n\t\t\t\t\t\t\t\t\t\t\t<div class=\"swiper-slide\" role=\"group\" aria-roledescription=\"slide\">\n\t\t\t\t\t\t\t\t\t<div class=\"elementor-testimonial\">\n\t\t\t\t\t\t\t<div class=\"elementor-testimonial__content\">\n\t\t\t\t\t<div class=\"elementor-testimonial__text\">\n\t\t\t\t\t\tGratitud a Impulsamos Colombia por el servicio, la confianza, atenci\u00f3n y respaldo que me han prestado en mi proyecto de negocio, gracias a ello estoy cumpliendo y haciendo realidad mi sue\u00f1o. Bendiciones.\t\t\t\t\t<\/div>\n\t\t\t\t\t<cite class=\"elementor-testimonial__cite\"><span class=\"elementor-testimonial__name\">FERNEY SALAZAR<\/span><span class=\"elementor-testimonial__title\">Propietario B\u00e1rbaros - Comida r\u00e1pida<\/span><\/cite>\t\t\t\t<\/div>\n\t\t\t\t\t\t<div class=\"elementor-testimonial__footer\">\n\t\t\t\t\t\t\t\t\t<div class=\"elementor-testimonial__image\">\n\t\t\t\t\t\t<img decoding=\"async\" src=\"https:\/\/impulsamoscolombia.com\/wp-content\/uploads\/2022\/08\/testimonio-ferney.png?auto=format%2Cenhance%2Ccompress\" alt=\"FERNEY SALAZAR\">\n\t\t\t\t\t\t\t\t\t\t\t<\/div>\n\t\t\t\t\t\t\t\t\t\t\t<\/div>\n\t\t<\/div>\n\t\t\t\t\t\t\t\t<\/div>\n\t\t\t\t\t\t\t\t\t\t\t<div class=\"swiper-slide\" role=\"group\" aria-roledescription=\"slide\">\n\t\t\t\t\t\t\t\t\t<div class=\"elementor-testimonial\">\n\t\t\t\t\t\t\t<div class=\"elementor-testimonial__content\">\n\t\t\t\t\t<div class=\"elementor-testimonial__text\">\n\t\t\t\t\t\tAmbiente acogedor, atenci\u00f3n con \u00e1nimo y respeto; ser cumplido hace que le presten el servicio de inmmediato\t\t\t\t\t<\/div>\n\t\t\t\t\t<cite class=\"elementor-testimonial__cite\"><span class=\"elementor-testimonial__name\">Pablo Andr\u00e9s Concha<\/span><span class=\"elementor-testimonial__title\">Constructor<\/span><\/cite>\t\t\t\t<\/div>\n\t\t\t\t\t\t<div class=\"elementor-testimonial__footer\">\n\t\t\t\t\t\t\t\t\t<div class=\"elementor-testimonial__image\">\n\t\t\t\t\t\t<img decoding=\"async\" src=\"https:\/\/impulsamoscolombia.com\/wp-content\/uploads\/2022\/11\/WhatsApp-Image-2022-11-23-at-11.38.43-AM.jpeg?auto=format%2Cenhance%2Ccompress\" alt=\"Pablo Andr\u00e9s Concha\">\n\t\t\t\t\t\t\t\t\t\t\t<\/div>\n\t\t\t\t\t\t\t\t\t\t\t<\/div>\n\t\t<\/div>\n\t\t\t\t\t\t\t\t<\/div>\n\t\t\t\t\t\t\t\t\t\t\t<div class=\"swiper-slide\" role=\"group\" aria-roledescription=\"slide\">\n\t\t\t\t\t\t\t\t\t<div class=\"elementor-testimonial\">\n\t\t\t\t\t\t\t<div class=\"elementor-testimonial__content\">\n\t\t\t\t\t<div class=\"elementor-testimonial__text\">\n\t\t\t\t\t\tEstoy totalmente agradecida con Impulsamos Colombia por ser una empresa de calidad en todo, gracias por ser unas excelentes personas, Dios los bendiga.\t\t\t\t\t<\/div>\n\t\t\t\t\t<cite class=\"elementor-testimonial__cite\"><span class=\"elementor-testimonial__name\">MARIA FLOR IGUA<\/span><span class=\"elementor-testimonial__title\">Comerciante<\/span><\/cite>\t\t\t\t<\/div>\n\t\t\t\t\t\t<div class=\"elementor-testimonial__footer\">\n\t\t\t\t\t\t\t\t\t<div class=\"elementor-testimonial__image\">\n\t\t\t\t\t\t<img decoding=\"async\" src=\"https:\/\/impulsamoscolombia.com\/wp-content\/uploads\/2022\/11\/WhatsApp-Image-2022-11-10-at-11.40.04-AM.jpeg?auto=format%2Cenhance%2Ccompress\" alt=\"MARIA FLOR IGUA\">\n\t\t\t\t\t\t\t\t\t\t\t<\/div>\n\t\t\t\t\t\t\t\t\t\t\t<\/div>\n\t\t<\/div>\n\t\t\t\t\t\t\t\t<\/div>\n\t\t\t\t\t\t\t\t\t\t\t<div class=\"swiper-slide\" role=\"group\" aria-roledescription=\"slide\">\n\t\t\t\t\t\t\t\t\t<div class=\"elementor-testimonial\">\n\t\t\t\t\t\t\t<div class=\"elementor-testimonial__content\">\n\t\t\t\t\t<div class=\"elementor-testimonial__text\">\n\t\t\t\t\t\tSue\u00f1o cumplido, muchas gracias Impulsamos Colombia, Dios los bendiga.\t\t\t\t\t<\/div>\n\t\t\t\t\t<cite class=\"elementor-testimonial__cite\"><span class=\"elementor-testimonial__name\">LAURA PATRICIA CUSIS<\/span><span class=\"elementor-testimonial__title\">Auxiliar de servicios<\/span><\/cite>\t\t\t\t<\/div>\n\t\t\t\t\t\t<div class=\"elementor-testimonial__footer\">\n\t\t\t\t\t\t\t\t\t<div class=\"elementor-testimonial__image\">\n\t\t\t\t\t\t<img decoding=\"async\" src=\"https:\/\/impulsamoscolombia.com\/wp-content\/uploads\/2022\/11\/laura.jpg?auto=format%2Cenhance%2Ccompress\" alt=\"LAURA PATRICIA CUSIS\">\n\t\t\t\t\t\t\t\t\t\t\t<\/div>\n\t\t\t\t\t\t\t\t\t\t\t<\/div>\n\t\t<\/div>\n\t\t\t\t\t\t\t\t<\/div>\n\t\t\t\t\t\t\t\t\t\t\t<div class=\"swiper-slide\" role=\"group\" aria-roledescription=\"slide\">\n\t\t\t\t\t\t\t\t\t<div class=\"elementor-testimonial\">\n\t\t\t\t\t\t\t<div class=\"elementor-testimonial__content\">\n\t\t\t\t\t<div class=\"elementor-testimonial__text\">\n\t\t\t\t\t\tEs muy buena entidad, gente educada, amable y confiable, pr\u00e9stamos con agilidad y rapidez.\t\t\t\t\t<\/div>\n\t\t\t\t\t<cite class=\"elementor-testimonial__cite\"><span class=\"elementor-testimonial__name\">MARIA CLEOTILDE BASANTE<\/span><span class=\"elementor-testimonial__title\">Vendedora de frutas y verduras<\/span><\/cite>\t\t\t\t<\/div>\n\t\t\t\t\t\t<div class=\"elementor-testimonial__footer\">\n\t\t\t\t\t\t\t\t\t<div class=\"elementor-testimonial__image\">\n\t\t\t\t\t\t<img decoding=\"async\" src=\"https:\/\/impulsamoscolombia.com\/wp-content\/uploads\/2022\/08\/negocio1.jpg?auto=format%2Cenhance%2Ccompress\" alt=\"MARIA CLEOTILDE BASANTE\">\n\t\t\t\t\t\t\t\t\t\t\t<\/div>\n\t\t\t\t\t\t\t\t\t\t\t<\/div>\n\t\t<\/div>\n\t\t\t\t\t\t\t\t<\/div>\n\t\t\t\t\t\t\t\t\t\t\t<div class=\"swiper-slide\" role=\"group\" aria-roledescription=\"slide\">\n\t\t\t\t\t\t\t\t\t<div class=\"elementor-testimonial\">\n\t\t\t\t\t\t\t<div class=\"elementor-testimonial__content\">\n\t\t\t\t\t<div class=\"elementor-testimonial__text\">\n\t\t\t\t\t\tImpulsamos nos motiva a forjarnos nuevas metas\t\t\t\t\t<\/div>\n\t\t\t\t\t<cite class=\"elementor-testimonial__cite\"><span class=\"elementor-testimonial__name\">Juan David Sanchez Santacruz<\/span><span class=\"elementor-testimonial__title\">T\u00e9cnico en Telecomunicaciones<\/span><\/cite>\t\t\t\t<\/div>\n\t\t\t\t\t\t<div class=\"elementor-testimonial__footer\">\n\t\t\t\t\t\t\t\t\t<div class=\"elementor-testimonial__image\">\n\t\t\t\t\t\t<img decoding=\"async\" src=\"https:\/\/impulsamoscolombia.com\/wp-content\/uploads\/2022\/11\/WhatsApp-Image-2022-11-17-at-8.42.53-AM.jpeg?auto=format%2Cenhance%2Ccompress\" alt=\"Juan David Sanchez Santacruz\">\n\t\t\t\t\t\t\t\t\t\t\t<\/div>\n\t\t\t\t\t\t\t\t\t\t\t<\/div>\n\t\t<\/div>\n\t\t\t\t\t\t\t\t<\/div>\n\t\t\t\t\t\t\t\t\t<\/div>\n\t\t\t\t\t\t\t\t\t\t\t\t\t\t\t\t\t\t\t\t<div class=\"swiper-pagination\"><\/div>\n\t\t\t\t\t\t\t\t\t\t\t\t<\/div>\n\t\t\t\t<\/div>\n\t\t\t\t\t\t\t\t<\/div>\n\t\t\t\t<\/div>\n\t\t\t\t\t<\/div>\n\t\t<\/div>\n\t\t\t\t\t<\/div>\n\t\t<\/section>\n\t\t\t\t<\/div>\n\t\t","protected":false},"excerpt":{"rendered":"<p>TESTIMONIOS Conoce lo que opinan nuestros clientes al ser parte de la Familia Impulsamos Colombia Gratitud a Impulsamos Colombia por el servicio, la confianza, atenci\u00f3n y respaldo que me han prestado en mi proyecto de negocio, gracias a ello estoy cumpliendo y haciendo realidad mi sue\u00f1o. Bendiciones. FERNEY SALAZARPropietario B\u00e1rbaros &#8211; Comida r\u00e1pida Ambiente acogedor, [&hellip;]<\/p>\n","protected":false},"author":1,"featured_media":0,"parent":0,"menu_order":0,"comment_status":"closed","ping_status":"closed","template":"","meta":{"site-sidebar-layout":"no-sidebar","site-content-layout":"page-builder","ast-site-content-layout":"default","site-content-style":"default","site-sidebar-style":"default","ast-global-header-display":"","ast-banner-title-visibility":"","ast-main-header-display":"","ast-hfb-above-header-display":"","ast-hfb-below-header-display":"","ast-hfb-mobile-header-display":"","site-post-title":"disabled","ast-breadcrumbs-content":"","ast-featured-img":"disabled","footer-sml-layout":"","ast-disable-related-posts":"","theme-transparent-header-meta":"","adv-header-id-meta":"","stick-header-meta":"","header-above-stick-meta":"","header-main-stick-meta":"","header-below-stick-meta":"","astra-migrate-meta-layouts":"default","ast-page-background-enabled":"default","ast-page-background-meta":{"desktop":{"background-color":"var(--ast-global-color-4)","background-image":"","background-repeat":"repeat","background-position":"center center","background-size":"auto","background-attachment":"scroll","background-type":"","background-media":"","overlay-type":"","overlay-color":"","overlay-opacity":"","overlay-gradient":""},"tablet":{"background-color":"","background-image":"","background-repeat":"repeat","background-position":"center center","background-size":"auto","background-attachment":"scroll","background-type":"","background-media":"","overlay-type":"","overlay-color":"","overlay-opacity":"","overlay-gradient":""},"mobile":{"background-color":"","background-image":"","background-repeat":"repeat","background-position":"center center","background-size":"auto","background-attachment":"scroll","background-type":"","background-media":"","overlay-type":"","overlay-color":"","overlay-opacity":"","overlay-gradient":""}},"ast-content-background-meta":{"desktop":{"background-color":"var(--ast-global-color-5)","background-image":"","background-repeat":"repeat","background-position":"center center","background-size":"auto","background-attachment":"scroll","background-type":"","background-media":"","overlay-type":"","overlay-color":"","overlay-opacity":"","overlay-gradient":""},"tablet":{"background-color":"var(--ast-global-color-5)","background-image":"","background-repeat":"repeat","background-position":"center center","background-size":"auto","background-attachment":"scroll","background-type":"","background-media":"","overlay-type":"","overlay-color":"","overlay-opacity":"","overlay-gradient":""},"mobile":{"background-color":"var(--ast-global-color-5)","background-image":"","background-repeat":"repeat","background-position":"center center","background-size":"auto","background-attachment":"scroll","background-type":"","background-media":"","overlay-type":"","overlay-color":"","overlay-opacity":"","overlay-gradient":""}},"footnotes":""},"class_list":["post-387","page","type-page","status-publish","hentry"],"yoast_head":"<!-- This site is optimized with the Yoast SEO plugin v27.4 - https:\/\/yoast.com\/product\/yoast-seo-wordpress\/ -->\n<title>Testimonios - Impulsamos Colombia<\/title>\n<meta name=\"robots\" content=\"index, follow, max-snippet:-1, max-image-preview:large, max-video-preview:-1\" \/>\n<link rel=\"canonical\" href=\"https:\/\/impulsamoscolombia.com\/?page_id=387\" \/>\n<meta property=\"og:locale\" content=\"es_ES\" \/>\n<meta property=\"og:type\" content=\"article\" \/>\n<meta property=\"og:title\" content=\"Testimonios - Impulsamos Colombia\" \/>\n<meta property=\"og:description\" content=\"TESTIMONIOS Conoce lo que opinan nuestros clientes al ser parte de la Familia Impulsamos Colombia Gratitud a Impulsamos Colombia por el servicio, la confianza, atenci\u00f3n y respaldo que me han prestado en mi proyecto de negocio, gracias a ello estoy cumpliendo y haciendo realidad mi sue\u00f1o. Bendiciones. FERNEY SALAZARPropietario B\u00e1rbaros &#8211; Comida r\u00e1pida Ambiente acogedor, [&hellip;]\" \/>\n<meta property=\"og:url\" content=\"https:\/\/impulsamoscolombia.com\/?page_id=387\" \/>\n<meta property=\"og:site_name\" content=\"Impulsamos Colombia\" \/>\n<meta property=\"article:modified_time\" content=\"2022-11-24T22:56:53+00:00\" \/>\n<meta property=\"og:image\" content=\"https:\/\/impulsamoscolombia.com\/wp-content\/uploads\/2022\/08\/testimonio-ferney.png\" \/>\n<meta name=\"twitter:card\" content=\"summary_large_image\" \/>\n<meta name=\"twitter:label1\" content=\"Tiempo de lectura\" \/>\n\t<meta name=\"twitter:data1\" content=\"4 minutos\" \/>\n<script type=\"application\/ld+json\" class=\"yoast-schema-graph\">{\"@context\":\"https:\\\/\\\/schema.org\",\"@graph\":[{\"@type\":\"WebPage\",\"@id\":\"https:\\\/\\\/impulsamoscolombia.com\\\/?page_id=387\",\"url\":\"https:\\\/\\\/impulsamoscolombia.com\\\/?page_id=387\",\"name\":\"Testimonios - Impulsamos Colombia\",\"isPartOf\":{\"@id\":\"https:\\\/\\\/impulsamoscolombia.com\\\/#website\"},\"primaryImageOfPage\":{\"@id\":\"https:\\\/\\\/impulsamoscolombia.com\\\/?page_id=387#primaryimage\"},\"image\":{\"@id\":\"https:\\\/\\\/impulsamoscolombia.com\\\/?page_id=387#primaryimage\"},\"thumbnailUrl\":\"https:\\\/\\\/impulsamoscolombia.com\\\/wp-content\\\/uploads\\\/2022\\\/08\\\/testimonio-ferney.png\",\"datePublished\":\"2022-08-09T22:07:50+00:00\",\"dateModified\":\"2022-11-24T22:56:53+00:00\",\"breadcrumb\":{\"@id\":\"https:\\\/\\\/impulsamoscolombia.com\\\/?page_id=387#breadcrumb\"},\"inLanguage\":\"es\",\"potentialAction\":[{\"@type\":\"ReadAction\",\"target\":[\"https:\\\/\\\/impulsamoscolombia.com\\\/?page_id=387\"]}]},{\"@type\":\"ImageObject\",\"inLanguage\":\"es\",\"@id\":\"https:\\\/\\\/impulsamoscolombia.com\\\/?page_id=387#primaryimage\",\"url\":\"https:\\\/\\\/impulsamoscolombia.com\\\/wp-content\\\/uploads\\\/2022\\\/08\\\/testimonio-ferney.png?auto=format%2Cenhance%2Ccompress\",\"contentUrl\":\"https:\\\/\\\/impulsamoscolombia.com\\\/wp-content\\\/uploads\\\/2022\\\/08\\\/testimonio-ferney.png?auto=format%2Cenhance%2Ccompress\",\"width\":500,\"height\":345},{\"@type\":\"BreadcrumbList\",\"@id\":\"https:\\\/\\\/impulsamoscolombia.com\\\/?page_id=387#breadcrumb\",\"itemListElement\":[{\"@type\":\"ListItem\",\"position\":1,\"name\":\"Portada\",\"item\":\"https:\\\/\\\/impulsamoscolombia.com\\\/\"},{\"@type\":\"ListItem\",\"position\":2,\"name\":\"Testimonios\"}]},{\"@type\":\"WebSite\",\"@id\":\"https:\\\/\\\/impulsamoscolombia.com\\\/#website\",\"url\":\"https:\\\/\\\/impulsamoscolombia.com\\\/\",\"name\":\"Impulsamos Colombia\",\"description\":\"Microfinanciera Impulsamos Colombia\",\"publisher\":{\"@id\":\"https:\\\/\\\/impulsamoscolombia.com\\\/#organization\"},\"potentialAction\":[{\"@type\":\"SearchAction\",\"target\":{\"@type\":\"EntryPoint\",\"urlTemplate\":\"https:\\\/\\\/impulsamoscolombia.com\\\/?s={search_term_string}\"},\"query-input\":{\"@type\":\"PropertyValueSpecification\",\"valueRequired\":true,\"valueName\":\"search_term_string\"}}],\"inLanguage\":\"es\"},{\"@type\":\"Organization\",\"@id\":\"https:\\\/\\\/impulsamoscolombia.com\\\/#organization\",\"name\":\"Impulsamos Colombia\",\"url\":\"https:\\\/\\\/impulsamoscolombia.com\\\/\",\"logo\":{\"@type\":\"ImageObject\",\"inLanguage\":\"es\",\"@id\":\"https:\\\/\\\/impulsamoscolombia.com\\\/#\\\/schema\\\/logo\\\/image\\\/\",\"url\":\"https:\\\/\\\/impulsamoscolombia.com\\\/wp-content\\\/uploads\\\/2021\\\/10\\\/logo.png?auto=format%2Cenhance%2Ccompress\",\"contentUrl\":\"https:\\\/\\\/impulsamoscolombia.com\\\/wp-content\\\/uploads\\\/2021\\\/10\\\/logo.png?auto=format%2Cenhance%2Ccompress\",\"width\":1080,\"height\":681,\"caption\":\"Impulsamos Colombia\"},\"image\":{\"@id\":\"https:\\\/\\\/impulsamoscolombia.com\\\/#\\\/schema\\\/logo\\\/image\\\/\"}}]}<\/script>\n<!-- \/ Yoast SEO plugin. -->","yoast_head_json":{"title":"Testimonios - Impulsamos Colombia","robots":{"index":"index","follow":"follow","max-snippet":"max-snippet:-1","max-image-preview":"max-image-preview:large","max-video-preview":"max-video-preview:-1"},"canonical":"https:\/\/impulsamoscolombia.com\/?page_id=387","og_locale":"es_ES","og_type":"article","og_title":"Testimonios - Impulsamos Colombia","og_description":"TESTIMONIOS Conoce lo que opinan nuestros clientes al ser parte de la Familia Impulsamos Colombia Gratitud a Impulsamos Colombia por el servicio, la confianza, atenci\u00f3n y respaldo que me han prestado en mi proyecto de negocio, gracias a ello estoy cumpliendo y haciendo realidad mi sue\u00f1o. Bendiciones. FERNEY SALAZARPropietario B\u00e1rbaros &#8211; Comida r\u00e1pida Ambiente acogedor, [&hellip;]","og_url":"https:\/\/impulsamoscolombia.com\/?page_id=387","og_site_name":"Impulsamos Colombia","article_modified_time":"2022-11-24T22:56:53+00:00","og_image":[{"url":"https:\/\/impulsamoscolombia.com\/wp-content\/uploads\/2022\/08\/testimonio-ferney.png","type":"","width":"","height":""}],"twitter_card":"summary_large_image","twitter_misc":{"Tiempo de lectura":"4 minutos"},"schema":{"@context":"https:\/\/schema.org","@graph":[{"@type":"WebPage","@id":"https:\/\/impulsamoscolombia.com\/?page_id=387","url":"https:\/\/impulsamoscolombia.com\/?page_id=387","name":"Testimonios - Impulsamos Colombia","isPartOf":{"@id":"https:\/\/impulsamoscolombia.com\/#website"},"primaryImageOfPage":{"@id":"https:\/\/impulsamoscolombia.com\/?page_id=387#primaryimage"},"image":{"@id":"https:\/\/impulsamoscolombia.com\/?page_id=387#primaryimage"},"thumbnailUrl":"https:\/\/impulsamoscolombia.com\/wp-content\/uploads\/2022\/08\/testimonio-ferney.png","datePublished":"2022-08-09T22:07:50+00:00","dateModified":"2022-11-24T22:56:53+00:00","breadcrumb":{"@id":"https:\/\/impulsamoscolombia.com\/?page_id=387#breadcrumb"},"inLanguage":"es","potentialAction":[{"@type":"ReadAction","target":["https:\/\/impulsamoscolombia.com\/?page_id=387"]}]},{"@type":"ImageObject","inLanguage":"es","@id":"https:\/\/impulsamoscolombia.com\/?page_id=387#primaryimage","url":"https:\/\/impulsamoscolombia.com\/wp-content\/uploads\/2022\/08\/testimonio-ferney.png?auto=format%2Cenhance%2Ccompress","contentUrl":"https:\/\/impulsamoscolombia.com\/wp-content\/uploads\/2022\/08\/testimonio-ferney.png?auto=format%2Cenhance%2Ccompress","width":500,"height":345},{"@type":"BreadcrumbList","@id":"https:\/\/impulsamoscolombia.com\/?page_id=387#breadcrumb","itemListElement":[{"@type":"ListItem","position":1,"name":"Portada","item":"https:\/\/impulsamoscolombia.com\/"},{"@type":"ListItem","position":2,"name":"Testimonios"}]},{"@type":"WebSite","@id":"https:\/\/impulsamoscolombia.com\/#website","url":"https:\/\/impulsamoscolombia.com\/","name":"Impulsamos Colombia","description":"Microfinanciera Impulsamos Colombia","publisher":{"@id":"https:\/\/impulsamoscolombia.com\/#organization"},"potentialAction":[{"@type":"SearchAction","target":{"@type":"EntryPoint","urlTemplate":"https:\/\/impulsamoscolombia.com\/?s={search_term_string}"},"query-input":{"@type":"PropertyValueSpecification","valueRequired":true,"valueName":"search_term_string"}}],"inLanguage":"es"},{"@type":"Organization","@id":"https:\/\/impulsamoscolombia.com\/#organization","name":"Impulsamos Colombia","url":"https:\/\/impulsamoscolombia.com\/","logo":{"@type":"ImageObject","inLanguage":"es","@id":"https:\/\/impulsamoscolombia.com\/#\/schema\/logo\/image\/","url":"https:\/\/impulsamoscolombia.com\/wp-content\/uploads\/2021\/10\/logo.png?auto=format%2Cenhance%2Ccompress","contentUrl":"https:\/\/impulsamoscolombia.com\/wp-content\/uploads\/2021\/10\/logo.png?auto=format%2Cenhance%2Ccompress","width":1080,"height":681,"caption":"Impulsamos Colombia"},"image":{"@id":"https:\/\/impulsamoscolombia.com\/#\/schema\/logo\/image\/"}}]}},"_links":{"self":[{"href":"https:\/\/impulsamoscolombia.com\/index.php?rest_route=\/wp\/v2\/pages\/387","targetHints":{"allow":["GET"]}}],"collection":[{"href":"https:\/\/impulsamoscolombia.com\/index.php?rest_route=\/wp\/v2\/pages"}],"about":[{"href":"https:\/\/impulsamoscolombia.com\/index.php?rest_route=\/wp\/v2\/types\/page"}],"author":[{"embeddable":true,"href":"https:\/\/impulsamoscolombia.com\/index.php?rest_route=\/wp\/v2\/users\/1"}],"replies":[{"embeddable":true,"href":"https:\/\/impulsamoscolombia.com\/index.php?rest_route=%2Fwp%2Fv2%2Fcomments&post=387"}],"version-history":[{"count":19,"href":"https:\/\/impulsamoscolombia.com\/index.php?rest_route=\/wp\/v2\/pages\/387\/revisions"}],"predecessor-version":[{"id":811,"href":"https:\/\/impulsamoscolombia.com\/index.php?rest_route=\/wp\/v2\/pages\/387\/revisions\/811"}],"wp:attachment":[{"href":"https:\/\/impulsamoscolombia.com\/index.php?rest_route=%2Fwp%2Fv2%2Fmedia&parent=387"}],"curies":[{"name":"wp","href":"https:\/\/api.w.org\/{rel}","templated":true}]}}