{"id":391,"date":"2022-08-09T22:08:31","date_gmt":"2022-08-09T22:08:31","guid":{"rendered":"https:\/\/impulsamoscolombia.com\/?page_id=391"},"modified":"2022-08-23T20:14:49","modified_gmt":"2022-08-23T20:14:49","slug":"nuestra-oficina","status":"publish","type":"page","link":"https:\/\/impulsamoscolombia.com\/?page_id=391","title":{"rendered":"Nuestra oficina"},"content":{"rendered":"\t\t<div data-elementor-type=\"wp-page\" data-elementor-id=\"391\" class=\"elementor elementor-391\" data-elementor-post-type=\"page\">\n\t\t\t\t\t\t<section class=\"elementor-section elementor-top-section elementor-element elementor-element-7733637 elementor-section-boxed elementor-section-height-default elementor-section-height-default\" data-id=\"7733637\" data-element_type=\"section\" data-e-type=\"section\" data-settings=\"{&quot;background_background&quot;:&quot;classic&quot;}\">\n\t\t\t\t\t\t<div class=\"elementor-container elementor-column-gap-default\">\n\t\t\t\t\t<div class=\"elementor-column elementor-col-100 elementor-top-column elementor-element elementor-element-06efae0\" data-id=\"06efae0\" data-element_type=\"column\" data-e-type=\"column\">\n\t\t\t<div class=\"elementor-widget-wrap elementor-element-populated\">\n\t\t\t\t\t\t<div class=\"elementor-element elementor-element-0f0548f elementor-widget elementor-widget-heading\" data-id=\"0f0548f\" data-element_type=\"widget\" data-e-type=\"widget\" data-widget_type=\"heading.default\">\n\t\t\t\t<div class=\"elementor-widget-container\">\n\t\t\t\t\t<h2 class=\"elementor-heading-title elementor-size-default\">\u00a1VIS\u00cdTANOS!<\/h2>\t\t\t\t<\/div>\n\t\t\t\t<\/div>\n\t\t\t\t\t<\/div>\n\t\t<\/div>\n\t\t\t\t\t<\/div>\n\t\t<\/section>\n\t\t\t\t<section class=\"elementor-section elementor-top-section elementor-element elementor-element-9138995 elementor-section-content-middle elementor-reverse-mobile elementor-section-boxed elementor-section-height-default elementor-section-height-default\" data-id=\"9138995\" data-element_type=\"section\" data-e-type=\"section\">\n\t\t\t\t\t\t<div class=\"elementor-container elementor-column-gap-no\">\n\t\t\t\t\t<div class=\"elementor-column elementor-col-50 elementor-top-column elementor-element elementor-element-bd5c598\" data-id=\"bd5c598\" data-element_type=\"column\" data-e-type=\"column\">\n\t\t\t<div class=\"elementor-widget-wrap elementor-element-populated\">\n\t\t\t\t\t\t<div class=\"elementor-element elementor-element-5156623 elementor-widget elementor-widget-image\" data-id=\"5156623\" data-element_type=\"widget\" data-e-type=\"widget\" data-widget_type=\"image.default\">\n\t\t\t\t<div class=\"elementor-widget-container\">\n\t\t\t\t\t\t\t\t\t\t\t\t\t\t\t<img fetchpriority=\"high\" decoding=\"async\" width=\"938\" height=\"604\" src=\"https:\/\/impulsamoscolombia.com\/wp-content\/uploads\/2022\/08\/pantallas.jpg?auto=format%2Cenhance%2Ccompress\" class=\"attachment-full size-full wp-image-521\" alt=\"\" srcset=\"https:\/\/impulsamoscolombia.com\/wp-content\/uploads\/2022\/08\/pantallas.jpg?auto=format%2Cenhance%2Ccompress&amp;w=938 938w, https:\/\/impulsamoscolombia.com\/wp-content\/uploads\/2022\/08\/pantallas.jpg?auto=format%2Cenhance%2Ccompress&amp;w=300 300w, https:\/\/impulsamoscolombia.com\/wp-content\/uploads\/2022\/08\/pantallas.jpg?auto=format%2Cenhance%2Ccompress&amp;w=768 768w\" sizes=\"(max-width: 938px) 100vw, 938px\" \/>\t\t\t\t\t\t\t\t\t\t\t\t\t\t\t<\/div>\n\t\t\t\t<\/div>\n\t\t\t\t\t<\/div>\n\t\t<\/div>\n\t\t\t\t<div class=\"elementor-column elementor-col-50 elementor-top-column elementor-element elementor-element-7f9246d\" data-id=\"7f9246d\" data-element_type=\"column\" data-e-type=\"column\">\n\t\t\t<div class=\"elementor-widget-wrap elementor-element-populated\">\n\t\t\t\t\t\t<section class=\"elementor-section elementor-inner-section elementor-element elementor-element-07fa446 elementor-section-boxed elementor-section-height-default elementor-section-height-default\" data-id=\"07fa446\" data-element_type=\"section\" data-e-type=\"section\">\n\t\t\t\t\t\t<div class=\"elementor-container elementor-column-gap-default\">\n\t\t\t\t\t<div class=\"elementor-column elementor-col-100 elementor-inner-column elementor-element elementor-element-159aecb\" data-id=\"159aecb\" data-element_type=\"column\" data-e-type=\"column\">\n\t\t\t<div class=\"elementor-widget-wrap elementor-element-populated\">\n\t\t\t\t\t\t<div class=\"elementor-element elementor-element-29f4d27 elementor-widget elementor-widget-text-editor\" data-id=\"29f4d27\" data-element_type=\"widget\" data-e-type=\"widget\" data-widget_type=\"text-editor.default\">\n\t\t\t\t<div class=\"elementor-widget-container\">\n\t\t\t\t\t\t\t\t\t<p>CC Pasaje El Liceo &#8211; Local 224<\/p><p>Pasto &#8211; Nari\u00f1o<\/p>\t\t\t\t\t\t\t\t<\/div>\n\t\t\t\t<\/div>\n\t\t\t\t<div class=\"elementor-element elementor-element-7322be9 elementor-widget elementor-widget-text-editor\" data-id=\"7322be9\" data-element_type=\"widget\" data-e-type=\"widget\" data-widget_type=\"text-editor.default\">\n\t\t\t\t<div class=\"elementor-widget-container\">\n\t\t\t\t\t\t\t\t\t<p><strong>Horario de atenci\u00f3n:<\/strong><\/p><p>Lunes a viernes: 8:00 a.m. a 11:30 a.m. y 2:00 p.m. a 5:00 p.m.<\/p><p>S\u00e1bados: 8:00 a.m. a 11:30 a.m.<\/p>\t\t\t\t\t\t\t\t<\/div>\n\t\t\t\t<\/div>\n\t\t\t\t\t<\/div>\n\t\t<\/div>\n\t\t\t\t\t<\/div>\n\t\t<\/section>\n\t\t\t\t<section class=\"elementor-section elementor-inner-section elementor-element elementor-element-4cc4dc2 elementor-section-boxed elementor-section-height-default elementor-section-height-default\" data-id=\"4cc4dc2\" data-element_type=\"section\" data-e-type=\"section\">\n\t\t\t\t\t\t<div class=\"elementor-container elementor-column-gap-default\">\n\t\t\t\t\t<div class=\"elementor-column elementor-col-100 elementor-inner-column elementor-element elementor-element-ebd7f1a\" data-id=\"ebd7f1a\" data-element_type=\"column\" data-e-type=\"column\">\n\t\t\t<div class=\"elementor-widget-wrap elementor-element-populated\">\n\t\t\t\t\t\t<div class=\"elementor-element elementor-element-e3dd9c8 elementor-widget elementor-widget-heading\" data-id=\"e3dd9c8\" data-element_type=\"widget\" data-e-type=\"widget\" data-widget_type=\"heading.default\">\n\t\t\t\t<div class=\"elementor-widget-container\">\n\t\t\t\t\t<div class=\"elementor-heading-title elementor-size-default\">S\u00edguenos en redes sociales<\/div>\t\t\t\t<\/div>\n\t\t\t\t<\/div>\n\t\t\t\t<div class=\"elementor-element elementor-element-eb0b73c elementor-shape-square e-grid-align-left elementor-grid-0 elementor-widget elementor-widget-social-icons\" data-id=\"eb0b73c\" data-element_type=\"widget\" data-e-type=\"widget\" data-widget_type=\"social-icons.default\">\n\t\t\t\t<div class=\"elementor-widget-container\">\n\t\t\t\t\t\t\t<div class=\"elementor-social-icons-wrapper elementor-grid\" role=\"list\">\n\t\t\t\t\t\t\t<span class=\"elementor-grid-item\" role=\"listitem\">\n\t\t\t\t\t<a class=\"elementor-icon elementor-social-icon elementor-social-icon-facebook-f elementor-animation-grow elementor-repeater-item-2d0da0c\" href=\"https:\/\/www.facebook.com\/Impulsamos-Colombia-106688075131746\" target=\"_blank\">\n\t\t\t\t\t\t<span class=\"elementor-screen-only\">Facebook-f<\/span>\n\t\t\t\t\t\t<i aria-hidden=\"true\" class=\"fab fa-facebook-f\"><\/i>\t\t\t\t\t<\/a>\n\t\t\t\t<\/span>\n\t\t\t\t\t\t\t<span class=\"elementor-grid-item\" role=\"listitem\">\n\t\t\t\t\t<a class=\"elementor-icon elementor-social-icon elementor-social-icon-instagram elementor-animation-grow elementor-repeater-item-d138417\" href=\"https:\/\/www.instagram.com\/microfinancieraimpulsamos\/\" target=\"_blank\">\n\t\t\t\t\t\t<span class=\"elementor-screen-only\">Instagram<\/span>\n\t\t\t\t\t\t<i aria-hidden=\"true\" class=\"fab fa-instagram\"><\/i>\t\t\t\t\t<\/a>\n\t\t\t\t<\/span>\n\t\t\t\t\t<\/div>\n\t\t\t\t\t\t<\/div>\n\t\t\t\t<\/div>\n\t\t\t\t\t<\/div>\n\t\t<\/div>\n\t\t\t\t\t<\/div>\n\t\t<\/section>\n\t\t\t\t\t<\/div>\n\t\t<\/div>\n\t\t\t\t\t<\/div>\n\t\t<\/section>\n\t\t\t\t<\/div>\n\t\t","protected":false},"excerpt":{"rendered":"<p>\u00a1VIS\u00cdTANOS! CC Pasaje El Liceo &#8211; Local 224 Pasto &#8211; Nari\u00f1o Horario de atenci\u00f3n: Lunes a viernes: 8:00 a.m. a 11:30 a.m. y 2:00 p.m. a 5:00 p.m. S\u00e1bados: 8:00 a.m. a 11:30 a.m. S\u00edguenos en redes sociales Facebook-f Instagram<\/p>\n","protected":false},"author":1,"featured_media":0,"parent":0,"menu_order":0,"comment_status":"closed","ping_status":"closed","template":"","meta":{"site-sidebar-layout":"no-sidebar","site-content-layout":"page-builder","ast-site-content-layout":"default","site-content-style":"default","site-sidebar-style":"default","ast-global-header-display":"","ast-banner-title-visibility":"","ast-main-header-display":"","ast-hfb-above-header-display":"","ast-hfb-below-header-display":"","ast-hfb-mobile-header-display":"","site-post-title":"disabled","ast-breadcrumbs-content":"","ast-featured-img":"disabled","footer-sml-layout":"","ast-disable-related-posts":"","theme-transparent-header-meta":"","adv-header-id-meta":"","stick-header-meta":"","header-above-stick-meta":"","header-main-stick-meta":"","header-below-stick-meta":"","astra-migrate-meta-layouts":"default","ast-page-background-enabled":"default","ast-page-background-meta":{"desktop":{"background-color":"var(--ast-global-color-4)","background-image":"","background-repeat":"repeat","background-position":"center center","background-size":"auto","background-attachment":"scroll","background-type":"","background-media":"","overlay-type":"","overlay-color":"","overlay-opacity":"","overlay-gradient":""},"tablet":{"background-color":"","background-image":"","background-repeat":"repeat","background-position":"center center","background-size":"auto","background-attachment":"scroll","background-type":"","background-media":"","overlay-type":"","overlay-color":"","overlay-opacity":"","overlay-gradient":""},"mobile":{"background-color":"","background-image":"","background-repeat":"repeat","background-position":"center center","background-size":"auto","background-attachment":"scroll","background-type":"","background-media":"","overlay-type":"","overlay-color":"","overlay-opacity":"","overlay-gradient":""}},"ast-content-background-meta":{"desktop":{"background-color":"var(--ast-global-color-5)","background-image":"","background-repeat":"repeat","background-position":"center center","background-size":"auto","background-attachment":"scroll","background-type":"","background-media":"","overlay-type":"","overlay-color":"","overlay-opacity":"","overlay-gradient":""},"tablet":{"background-color":"var(--ast-global-color-5)","background-image":"","background-repeat":"repeat","background-position":"center center","background-size":"auto","background-attachment":"scroll","background-type":"","background-media":"","overlay-type":"","overlay-color":"","overlay-opacity":"","overlay-gradient":""},"mobile":{"background-color":"var(--ast-global-color-5)","background-image":"","background-repeat":"repeat","background-position":"center center","background-size":"auto","background-attachment":"scroll","background-type":"","background-media":"","overlay-type":"","overlay-color":"","overlay-opacity":"","overlay-gradient":""}},"footnotes":""},"class_list":["post-391","page","type-page","status-publish","hentry"],"yoast_head":"<!-- This site is optimized with the Yoast SEO plugin v27.4 - https:\/\/yoast.com\/product\/yoast-seo-wordpress\/ -->\n<title>Nuestra oficina - Impulsamos Colombia<\/title>\n<meta name=\"robots\" content=\"index, follow, max-snippet:-1, max-image-preview:large, max-video-preview:-1\" \/>\n<link rel=\"canonical\" href=\"https:\/\/impulsamoscolombia.com\/?page_id=391\" \/>\n<meta property=\"og:locale\" content=\"es_ES\" \/>\n<meta property=\"og:type\" content=\"article\" \/>\n<meta property=\"og:title\" content=\"Nuestra oficina - Impulsamos Colombia\" \/>\n<meta property=\"og:description\" content=\"\u00a1VIS\u00cdTANOS! CC Pasaje El Liceo &#8211; Local 224 Pasto &#8211; Nari\u00f1o Horario de atenci\u00f3n: Lunes a viernes: 8:00 a.m. a 11:30 a.m. y 2:00 p.m. a 5:00 p.m. S\u00e1bados: 8:00 a.m. a 11:30 a.m. S\u00edguenos en redes sociales Facebook-f Instagram\" \/>\n<meta property=\"og:url\" content=\"https:\/\/impulsamoscolombia.com\/?page_id=391\" \/>\n<meta property=\"og:site_name\" content=\"Impulsamos Colombia\" \/>\n<meta property=\"article:modified_time\" content=\"2022-08-23T20:14:49+00:00\" \/>\n<meta property=\"og:image\" content=\"https:\/\/impulsamoscolombia.com\/wp-content\/uploads\/2022\/08\/pantallas.jpg\" \/>\n<meta name=\"twitter:card\" content=\"summary_large_image\" \/>\n<meta name=\"twitter:label1\" content=\"Tiempo de lectura\" \/>\n\t<meta name=\"twitter:data1\" content=\"1 minuto\" \/>\n<script type=\"application\/ld+json\" class=\"yoast-schema-graph\">{\"@context\":\"https:\\\/\\\/schema.org\",\"@graph\":[{\"@type\":\"WebPage\",\"@id\":\"https:\\\/\\\/impulsamoscolombia.com\\\/?page_id=391\",\"url\":\"https:\\\/\\\/impulsamoscolombia.com\\\/?page_id=391\",\"name\":\"Nuestra oficina - Impulsamos Colombia\",\"isPartOf\":{\"@id\":\"https:\\\/\\\/impulsamoscolombia.com\\\/#website\"},\"primaryImageOfPage\":{\"@id\":\"https:\\\/\\\/impulsamoscolombia.com\\\/?page_id=391#primaryimage\"},\"image\":{\"@id\":\"https:\\\/\\\/impulsamoscolombia.com\\\/?page_id=391#primaryimage\"},\"thumbnailUrl\":\"https:\\\/\\\/impulsamoscolombia.com\\\/wp-content\\\/uploads\\\/2022\\\/08\\\/pantallas.jpg\",\"datePublished\":\"2022-08-09T22:08:31+00:00\",\"dateModified\":\"2022-08-23T20:14:49+00:00\",\"breadcrumb\":{\"@id\":\"https:\\\/\\\/impulsamoscolombia.com\\\/?page_id=391#breadcrumb\"},\"inLanguage\":\"es\",\"potentialAction\":[{\"@type\":\"ReadAction\",\"target\":[\"https:\\\/\\\/impulsamoscolombia.com\\\/?page_id=391\"]}]},{\"@type\":\"ImageObject\",\"inLanguage\":\"es\",\"@id\":\"https:\\\/\\\/impulsamoscolombia.com\\\/?page_id=391#primaryimage\",\"url\":\"https:\\\/\\\/impulsamoscolombia.com\\\/wp-content\\\/uploads\\\/2022\\\/08\\\/pantallas.jpg?auto=format%2Cenhance%2Ccompress\",\"contentUrl\":\"https:\\\/\\\/impulsamoscolombia.com\\\/wp-content\\\/uploads\\\/2022\\\/08\\\/pantallas.jpg?auto=format%2Cenhance%2Ccompress\",\"width\":938,\"height\":604},{\"@type\":\"BreadcrumbList\",\"@id\":\"https:\\\/\\\/impulsamoscolombia.com\\\/?page_id=391#breadcrumb\",\"itemListElement\":[{\"@type\":\"ListItem\",\"position\":1,\"name\":\"Portada\",\"item\":\"https:\\\/\\\/impulsamoscolombia.com\\\/\"},{\"@type\":\"ListItem\",\"position\":2,\"name\":\"Nuestra oficina\"}]},{\"@type\":\"WebSite\",\"@id\":\"https:\\\/\\\/impulsamoscolombia.com\\\/#website\",\"url\":\"https:\\\/\\\/impulsamoscolombia.com\\\/\",\"name\":\"Impulsamos Colombia\",\"description\":\"Microfinanciera Impulsamos Colombia\",\"publisher\":{\"@id\":\"https:\\\/\\\/impulsamoscolombia.com\\\/#organization\"},\"potentialAction\":[{\"@type\":\"SearchAction\",\"target\":{\"@type\":\"EntryPoint\",\"urlTemplate\":\"https:\\\/\\\/impulsamoscolombia.com\\\/?s={search_term_string}\"},\"query-input\":{\"@type\":\"PropertyValueSpecification\",\"valueRequired\":true,\"valueName\":\"search_term_string\"}}],\"inLanguage\":\"es\"},{\"@type\":\"Organization\",\"@id\":\"https:\\\/\\\/impulsamoscolombia.com\\\/#organization\",\"name\":\"Impulsamos Colombia\",\"url\":\"https:\\\/\\\/impulsamoscolombia.com\\\/\",\"logo\":{\"@type\":\"ImageObject\",\"inLanguage\":\"es\",\"@id\":\"https:\\\/\\\/impulsamoscolombia.com\\\/#\\\/schema\\\/logo\\\/image\\\/\",\"url\":\"https:\\\/\\\/impulsamoscolombia.com\\\/wp-content\\\/uploads\\\/2021\\\/10\\\/logo.png?auto=format%2Cenhance%2Ccompress\",\"contentUrl\":\"https:\\\/\\\/impulsamoscolombia.com\\\/wp-content\\\/uploads\\\/2021\\\/10\\\/logo.png?auto=format%2Cenhance%2Ccompress\",\"width\":1080,\"height\":681,\"caption\":\"Impulsamos Colombia\"},\"image\":{\"@id\":\"https:\\\/\\\/impulsamoscolombia.com\\\/#\\\/schema\\\/logo\\\/image\\\/\"}}]}<\/script>\n<!-- \/ Yoast SEO plugin. -->","yoast_head_json":{"title":"Nuestra oficina - Impulsamos Colombia","robots":{"index":"index","follow":"follow","max-snippet":"max-snippet:-1","max-image-preview":"max-image-preview:large","max-video-preview":"max-video-preview:-1"},"canonical":"https:\/\/impulsamoscolombia.com\/?page_id=391","og_locale":"es_ES","og_type":"article","og_title":"Nuestra oficina - Impulsamos Colombia","og_description":"\u00a1VIS\u00cdTANOS! CC Pasaje El Liceo &#8211; Local 224 Pasto &#8211; Nari\u00f1o Horario de atenci\u00f3n: Lunes a viernes: 8:00 a.m. a 11:30 a.m. y 2:00 p.m. a 5:00 p.m. S\u00e1bados: 8:00 a.m. a 11:30 a.m. S\u00edguenos en redes sociales Facebook-f Instagram","og_url":"https:\/\/impulsamoscolombia.com\/?page_id=391","og_site_name":"Impulsamos Colombia","article_modified_time":"2022-08-23T20:14:49+00:00","og_image":[{"url":"https:\/\/impulsamoscolombia.com\/wp-content\/uploads\/2022\/08\/pantallas.jpg","type":"","width":"","height":""}],"twitter_card":"summary_large_image","twitter_misc":{"Tiempo de lectura":"1 minuto"},"schema":{"@context":"https:\/\/schema.org","@graph":[{"@type":"WebPage","@id":"https:\/\/impulsamoscolombia.com\/?page_id=391","url":"https:\/\/impulsamoscolombia.com\/?page_id=391","name":"Nuestra oficina - Impulsamos Colombia","isPartOf":{"@id":"https:\/\/impulsamoscolombia.com\/#website"},"primaryImageOfPage":{"@id":"https:\/\/impulsamoscolombia.com\/?page_id=391#primaryimage"},"image":{"@id":"https:\/\/impulsamoscolombia.com\/?page_id=391#primaryimage"},"thumbnailUrl":"https:\/\/impulsamoscolombia.com\/wp-content\/uploads\/2022\/08\/pantallas.jpg","datePublished":"2022-08-09T22:08:31+00:00","dateModified":"2022-08-23T20:14:49+00:00","breadcrumb":{"@id":"https:\/\/impulsamoscolombia.com\/?page_id=391#breadcrumb"},"inLanguage":"es","potentialAction":[{"@type":"ReadAction","target":["https:\/\/impulsamoscolombia.com\/?page_id=391"]}]},{"@type":"ImageObject","inLanguage":"es","@id":"https:\/\/impulsamoscolombia.com\/?page_id=391#primaryimage","url":"https:\/\/impulsamoscolombia.com\/wp-content\/uploads\/2022\/08\/pantallas.jpg?auto=format%2Cenhance%2Ccompress","contentUrl":"https:\/\/impulsamoscolombia.com\/wp-content\/uploads\/2022\/08\/pantallas.jpg?auto=format%2Cenhance%2Ccompress","width":938,"height":604},{"@type":"BreadcrumbList","@id":"https:\/\/impulsamoscolombia.com\/?page_id=391#breadcrumb","itemListElement":[{"@type":"ListItem","position":1,"name":"Portada","item":"https:\/\/impulsamoscolombia.com\/"},{"@type":"ListItem","position":2,"name":"Nuestra oficina"}]},{"@type":"WebSite","@id":"https:\/\/impulsamoscolombia.com\/#website","url":"https:\/\/impulsamoscolombia.com\/","name":"Impulsamos Colombia","description":"Microfinanciera Impulsamos Colombia","publisher":{"@id":"https:\/\/impulsamoscolombia.com\/#organization"},"potentialAction":[{"@type":"SearchAction","target":{"@type":"EntryPoint","urlTemplate":"https:\/\/impulsamoscolombia.com\/?s={search_term_string}"},"query-input":{"@type":"PropertyValueSpecification","valueRequired":true,"valueName":"search_term_string"}}],"inLanguage":"es"},{"@type":"Organization","@id":"https:\/\/impulsamoscolombia.com\/#organization","name":"Impulsamos Colombia","url":"https:\/\/impulsamoscolombia.com\/","logo":{"@type":"ImageObject","inLanguage":"es","@id":"https:\/\/impulsamoscolombia.com\/#\/schema\/logo\/image\/","url":"https:\/\/impulsamoscolombia.com\/wp-content\/uploads\/2021\/10\/logo.png?auto=format%2Cenhance%2Ccompress","contentUrl":"https:\/\/impulsamoscolombia.com\/wp-content\/uploads\/2021\/10\/logo.png?auto=format%2Cenhance%2Ccompress","width":1080,"height":681,"caption":"Impulsamos Colombia"},"image":{"@id":"https:\/\/impulsamoscolombia.com\/#\/schema\/logo\/image\/"}}]}},"_links":{"self":[{"href":"https:\/\/impulsamoscolombia.com\/index.php?rest_route=\/wp\/v2\/pages\/391","targetHints":{"allow":["GET"]}}],"collection":[{"href":"https:\/\/impulsamoscolombia.com\/index.php?rest_route=\/wp\/v2\/pages"}],"about":[{"href":"https:\/\/impulsamoscolombia.com\/index.php?rest_route=\/wp\/v2\/types\/page"}],"author":[{"embeddable":true,"href":"https:\/\/impulsamoscolombia.com\/index.php?rest_route=\/wp\/v2\/users\/1"}],"replies":[{"embeddable":true,"href":"https:\/\/impulsamoscolombia.com\/index.php?rest_route=%2Fwp%2Fv2%2Fcomments&post=391"}],"version-history":[{"count":16,"href":"https:\/\/impulsamoscolombia.com\/index.php?rest_route=\/wp\/v2\/pages\/391\/revisions"}],"predecessor-version":[{"id":684,"href":"https:\/\/impulsamoscolombia.com\/index.php?rest_route=\/wp\/v2\/pages\/391\/revisions\/684"}],"wp:attachment":[{"href":"https:\/\/impulsamoscolombia.com\/index.php?rest_route=%2Fwp%2Fv2%2Fmedia&parent=391"}],"curies":[{"name":"wp","href":"https:\/\/api.w.org\/{rel}","templated":true}]}}